{"id":6365,"date":"2017-07-19T08:57:14","date_gmt":"2017-07-19T08:57:14","guid":{"rendered":"https:\/\/www.apartamentoselegance.com\/complejo-vacacional\/"},"modified":"2022-04-29T12:49:12","modified_gmt":"2022-04-29T12:49:12","slug":"complejo-vacacional","status":"publish","type":"page","link":"https:\/\/www.apartamentoselegance.com\/fr\/complejo-vacacional\/","title":{"rendered":"Les appartements de vacances"},"content":{"rendered":"<p>[vc_row][vc_column width=\u00a0\u00bb6\/12&Prime; css=\u00a0\u00bb.vc_custom_1467360650255{margin-top: 10px !important;margin-bottom: 10px !important;padding-top: 0px !important;padding-right: 40px !important;}\u00a0\u00bb]<div style=\"background-color:; height: 10px;\" class=\"nicdark_section  \"><\/div> <h2 style=\"color:#1c1c1c; padding:px; text-align:right; font-size:40px; line-height:50px; letter-spacing: px; font-weight:bold;\" class=\"  nd_options_text_align_center_responsive_important nd_options_first_font \">La r\u00e9sidence Elegance Denia se distingue pour sa situation et son design.<\/h2> [\/vc_column][vc_column width=\u00a0\u00bb3\/12&Prime; css=\u00a0\u00bb.vc_custom_1467207292391{margin-top: 10px !important;margin-bottom: 10px !important;padding-top: 0px !important;}\u00a0\u00bb]<div style=\"background-color:; height: 20px;\" class=\"nicdark_section  \"><\/div>[vc_column_text el_class=\u00a0\u00bbnd_options_text_align_center_responsive\u00a0\u00bb]Elle est situ\u00e9e au d\u00e9but de la Route de las Marinas, ce qui nous permet d\u2019acc\u00e9der \u00e0 pied aussi bien au ch\u00e2teau, qu\u2019au centre et au port sans devoir prendre la voiture.[\/vc_column_text][vc_column_text el_class=\u00a0\u00bbnd_options_text_align_center_responsive\u00a0\u00bb]L\u2019immense plage de las Marinas se trouve \u00e0 225 m\u00e8tres du complexe, si bien que si vous ne souhaitez pas utiliser votre voiture, vous pourrez la garer \u00e0 votre arriv\u00e9e dans le parking souterrain de la r\u00e9sidence (place de parking pour chaque appartement incluse dans le tarif).[\/vc_column_text][\/vc_column][vc_column width=\u00a0\u00bb3\/12&Prime; css=\u00a0\u00bb.vc_custom_1467207298589{margin-top: 10px !important;margin-bottom: 10px !important;padding-top: 0px !important;}\u00a0\u00bb]<div style=\"background-color:; height: 20px;\" class=\"nicdark_section  \"><\/div>[vc_column_text el_class=\u00a0\u00bbnd_options_text_align_center_responsive\u00a0\u00bb]Construite en 2006, la r\u00e9sidence dispose d\u2019une piscine entour\u00e9e de pelouse pour adultes et enfants, d\u2019une salle de gym, sauna, salle internet, salle de jeux pour enfants avec ch\u00e2teau gonflable et connexion Wifi gratuite.[\/vc_column_text]<div style=\"background-color:; height: 20px;\" class=\"nicdark_section  \"><\/div>[vc_column_text el_class=\u00a0\u00bbnd_options_text_align_center_responsive\u00a0\u00bb]R\u00e9sidence id\u00e9ale pour les familles.[\/vc_column_text][\/vc_column][\/vc_row][vc_row full_width=\u00a0\u00bbstretch_row\u00a0\u00bb content_placement=\u00a0\u00bbmiddle\u00a0\u00bb css=\u00a0\u00bb.vc_custom_1651175092030{padding-top: 20px !important;padding-bottom: 20px !important;background-color: rgba(206,206,206,0.6) !important;background-position: center !important;background-repeat: no-repeat !important;background-size: cover !important;*background-color: rgb(206,206,206) !important;}\u00a0\u00bb el_class=\u00a0\u00bbnd_options_vc_parallax_filter_2_2&Prime;][vc_column][vc_row_inner][vc_column_inner width=\u00a0\u00bb1\/2&Prime;]\n\n\n    <div class=\"nd_options_section nd_options_position_relative \">\n        <img alt=\"\" class=\"nd_options_position_absolute nd_options_left_0\" width=\"55\" src=\"\">\n        <div class=\"nd_options_section nd_options_padding_left_80 nd_options_box_sizing_border_box\">\n            <h1 class=\"nd_options_font_size_40 nd_options_line_height_50\" style=\"color:#000000;\"><strong>Piscine<\/strong><\/h1>\n        <\/div>\n    <\/div>\n\n\n  <div style=\"background-color:; height: 20px;\" class=\"nicdark_section  \"><\/div> <p style=\"color:#000000; padding:px; text-align:; font-size:15px; line-height:30px; letter-spacing: 2px; font-weight:lighter;\" class=\"   nd_options_second_font \">La piscine pour adultes dispose d\u2019un ascenseur hydraulique pour faciliter l\u2019acc\u00e8s \u00e0 la piscine \u00e0 toute personne ayant des difficult\u00e9s \u00e0 descendre ou monter les marches de la piscine. Des douches pour enlever le sable de la plage avant d\u2019entrer dans la piscine sont \u00e9galement disponibles.<\/p> <div style=\"background-color:; height: 70px;\" class=\"nicdark_section  \"><\/div>[vc_custom_heading text=\u00a0\u00bbLes deux piscines sont entour\u00e9es d\u2019un parterre en bois et une passerelle facilite l\u2019acc\u00e8s d\u2019un c\u00f4t\u00e9 \u00e0 l\u2019autre de la piscine.\u00a0\u00bb font_container=\u00a0\u00bbtag:p|font_size:15px|text_align:left|color:%230a0a0a|line_height:30px\u00a0\u00bb use_theme_fonts=\u00a0\u00bbyes\u00a0\u00bb][\/vc_column_inner][vc_column_inner width=\u00a0\u00bb1\/2&Prime;][vc_images_carousel images=\u00a0\u00bb5544,5698,5683,5703&Prime; img_size=\u00a0\u00bb500&#215;400&Prime;][\/vc_column_inner][\/vc_row_inner][\/vc_column][\/vc_row][vc_row content_placement=\u00a0\u00bbmiddle\u00a0\u00bb css=\u00a0\u00bb.vc_custom_1651174678731{padding-top: 20px !important;padding-bottom: 20px !important;}\u00a0\u00bb][vc_column width=\u00a0\u00bb1\/2&Prime;][vc_images_carousel images=\u00a0\u00bb5702,5703,5704,5705&Prime; img_size=\u00a0\u00bb500&#215;400&Prime;][\/vc_column][vc_column width=\u00a0\u00bb1\/2&Prime;]\n\n\n    <div class=\"nd_options_section nd_options_position_relative \">\n        <img alt=\"\" class=\"nd_options_position_absolute nd_options_left_0\" width=\"55\" src=\"\">\n        <div class=\"nd_options_section nd_options_padding_left_80 nd_options_box_sizing_border_box\">\n            <h1 class=\"nd_options_font_size_40 nd_options_line_height_50\" style=\"color:#000000;\"><strong>Espaces Communs<\/strong><\/h1>\n        <\/div>\n    <\/div>\n\n\n  <div style=\"background-color:; height: 20px;\" class=\"nicdark_section  \"><\/div> <p style=\"color:#000000; padding:px; text-align:; font-size:15px; line-height:30px; letter-spacing: 2px; font-weight:lighter;\" class=\"   nd_options_second_font \">La piscine est entour\u00e9e de gazon o\u00f9 vous pourrez vous installer pour bronzer, il y a aussi des palmiers pour ceux qui pr\u00e9f\u00e8rent se mettre \u00e0 l\u2019ombre. Vous trouverez \u00e9galement une tente \u00e9quip\u00e9e de tables et de chaises o\u00f9 vous pourrez vous r\u00e9unir entre adultes\/enfants pour jouer, c\u00e9l\u00e9brer quelque chose ou tout simplement d\u00eener entre amis.<\/p> [\/vc_column][\/vc_row][vc_row full_width=\u00a0\u00bbstretch_row\u00a0\u00bb parallax=\u00a0\u00bbcontent-moving\u00a0\u00bb parallax_image=\u00a0\u00bb5292&Prime; css=\u00a0\u00bb.vc_custom_1651175191798{margin-bottom: -50px !important;padding-top: 20px !important;padding-bottom: 20px !important;background-position: center;background-repeat: no-repeat !important;background-size: cover !important;}\u00a0\u00bb el_class=\u00a0\u00bbnd_options_vc_parallax_filter_2_2&Prime;][vc_column][vc_row_inner][vc_column_inner width=\u00a0\u00bb1\/2&Prime;]\n\n\n    <div class=\"nd_options_section nd_options_position_relative \">\n        <img alt=\"\" class=\"nd_options_position_absolute nd_options_left_0\" width=\"55\" src=\"\">\n        <div class=\"nd_options_section nd_options_padding_left_80 nd_options_box_sizing_border_box\">\n            <h1 class=\"nd_options_font_size_40 nd_options_line_height_50\" style=\"color:#ffffff;\"><strong>Zone de Loisirs<\/strong><\/h1>\n        <\/div>\n    <\/div>\n\n\n  <div style=\"background-color:; height: 20px;\" class=\"nicdark_section  \"><\/div> <p style=\"color:#ffffff; padding:px; text-align:; font-size:15px; line-height:30px; letter-spacing: 2px; font-weight:bold;\" class=\"   nd_options_second_font \">Zone de loisirs pour les enfants avec un ch\u00e2teau gonflable pour les plus petits, avec tables et chaises o\u00f9 peuvent s\u2019assoir les parents pour les surveiller et o\u00f9 peuvent jouer \u00e0 des jeux de soci\u00e9t\u00e9 ou lire des livres les plus grands. La salle est climatis\u00e9e, dispose de conexi\u00f3n wifi, de toilettes et vestiaires. Il y a aussi une salle de gym, un sauna, (vous devrez prendre rendez vous pour le sauna aupr\u00e8s du concierge qui sera charg\u00e9 de le pr\u00e9parer \u00e0 l\u2019heure que vous souhaitez). De m\u00eame il y a une salle informatique, avec des tables libres pour connecter vos ordinateurs portables.<\/p> [\/vc_column_inner][vc_column_inner width=\u00a0\u00bb1\/2&Prime;][vc_images_carousel images=\u00a0\u00bb5708,5709,5706,5707&Prime; img_size=\u00a0\u00bb500&#215;400&Prime;][\/vc_column_inner][\/vc_row_inner][\/vc_column][\/vc_row]<\/p>\n","protected":false},"excerpt":{"rendered":"<p>[vc_row][vc_column width=\u00a0\u00bb6\/12&Prime; css=\u00a0\u00bb.vc_custom_1467360650255{margin-top: 10px !important;margin-bottom: 10px !important;padding-top: 0px !important;padding-right: 40px !important;}\u00a0\u00bb][\/vc_column][vc_column width=\u00a0\u00bb3\/12&Prime; css=\u00a0\u00bb.vc_custom_1467207292391{margin-top: 10px !important;margin-bottom: 10px !important;padding-top: 0px !important;}\u00a0\u00bb][vc_column_text el_class=\u00a0\u00bbnd_options_text_align_center_responsive\u00a0\u00bb]Elle est situ\u00e9e au d\u00e9but de la Route de las Marinas, ce qui nous permet d\u2019acc\u00e9der \u00e0 pied aussi bien au ch\u00e2teau, qu\u2019au centre et au port sans devoir prendre la voiture.[\/vc_column_text][vc_column_text el_class=\u00a0\u00bbnd_options_text_align_center_responsive\u00a0\u00bb]L\u2019immense plage de las [&hellip;]<\/p>\n","protected":false},"author":15,"featured_media":0,"parent":0,"menu_order":0,"comment_status":"closed","ping_status":"closed","template":"","meta":[],"_links":{"self":[{"href":"https:\/\/www.apartamentoselegance.com\/fr\/wp-json\/wp\/v2\/pages\/6365"}],"collection":[{"href":"https:\/\/www.apartamentoselegance.com\/fr\/wp-json\/wp\/v2\/pages"}],"about":[{"href":"https:\/\/www.apartamentoselegance.com\/fr\/wp-json\/wp\/v2\/types\/page"}],"author":[{"embeddable":true,"href":"https:\/\/www.apartamentoselegance.com\/fr\/wp-json\/wp\/v2\/users\/15"}],"replies":[{"embeddable":true,"href":"https:\/\/www.apartamentoselegance.com\/fr\/wp-json\/wp\/v2\/comments?post=6365"}],"version-history":[{"count":9,"href":"https:\/\/www.apartamentoselegance.com\/fr\/wp-json\/wp\/v2\/pages\/6365\/revisions"}],"predecessor-version":[{"id":6915,"href":"https:\/\/www.apartamentoselegance.com\/fr\/wp-json\/wp\/v2\/pages\/6365\/revisions\/6915"}],"wp:attachment":[{"href":"https:\/\/www.apartamentoselegance.com\/fr\/wp-json\/wp\/v2\/media?parent=6365"}],"curies":[{"name":"wp","href":"https:\/\/api.w.org\/{rel}","templated":true}]}}